{"id":7,"date":"2026-03-02T14:22:00","date_gmt":"2026-03-02T14:22:00","guid":{"rendered":"https:\/\/niolga.easymarketingagency.com\/?page_id=7"},"modified":"2026-03-16T17:51:04","modified_gmt":"2026-03-16T17:51:04","slug":"front-page","status":"publish","type":"page","link":"https:\/\/niolga.easymarketingagency.com\/","title":{"rendered":"Front Page"},"content":{"rendered":"\t\t<div data-elementor-type=\"wp-post\" data-elementor-id=\"7\" class=\"elementor elementor-7\" data-elementor-post-type=\"page\">\n\t\t\t\t<div class=\"elementor-element elementor-element-cba2d43 e-con-full e-flex e-con e-parent\" data-id=\"cba2d43\" data-element_type=\"container\" data-e-type=\"container\" data-settings=\"{&quot;background_background&quot;:&quot;classic&quot;,&quot;background_motion_fx_motion_fx_mouse&quot;:&quot;yes&quot;,&quot;background_motion_fx_mouseTrack_effect&quot;:&quot;yes&quot;,&quot;background_motion_fx_mouseTrack_speed&quot;:{&quot;unit&quot;:&quot;px&quot;,&quot;size&quot;:1,&quot;sizes&quot;:[]}}\">\n\t\t<div class=\"elementor-element elementor-element-758541b e-con-full e-flex e-con e-child\" data-id=\"758541b\" data-element_type=\"container\" data-e-type=\"container\">\n\t\t\t\t<div class=\"elementor-element elementor-element-89aa80f elementor-widget elementor-widget-heading\" data-id=\"89aa80f\" data-element_type=\"widget\" data-e-type=\"widget\" data-widget_type=\"heading.default\">\n\t\t\t\t\t<h2 class=\"elementor-heading-title elementor-size-default\">Descubre tu espacio ideal en el coraz\u00f3n de Madrid<\/h2>\t\t\t\t<\/div>\n\t\t\t\t<div class=\"elementor-element elementor-element-6ca20b7 elementor-widget elementor-widget-heading\" data-id=\"6ca20b7\" data-element_type=\"widget\" data-e-type=\"widget\" data-widget_type=\"heading.default\">\n\t\t\t\t\t<h4 class=\"elementor-heading-title elementor-size-default\">Dos opciones \u00fanicas, mismo confort y ubicaci\u00f3n privilegiada para vivir la ciudad a tu ritmo.<\/h4>\t\t\t\t<\/div>\n\t\t\t\t<div class=\"elementor-element elementor-element-2f105f3 elementor-widget elementor-widget-button\" data-id=\"2f105f3\" data-element_type=\"widget\" data-e-type=\"widget\" data-widget_type=\"button.default\">\n\t\t\t\t\t\t\t\t\t\t<a class=\"elementor-button elementor-button-link elementor-size-sm\" href=\"#apt1\">\n\t\t\t\t\t\t<span class=\"elementor-button-content-wrapper\">\n\t\t\t\t\t\t\t\t\t<span class=\"elementor-button-text\">Ver Apartamentos<\/span>\n\t\t\t\t\t<\/span>\n\t\t\t\t\t<\/a>\n\t\t\t\t\t\t\t\t<\/div>\n\t\t\t\t<\/div>\n\t\t\t\t<\/div>\n\t\t<div class=\"elementor-element elementor-element-59c249d e-flex e-con-boxed e-con e-parent\" data-id=\"59c249d\" data-element_type=\"container\" data-e-type=\"container\" data-settings=\"{&quot;background_background&quot;:&quot;gradient&quot;}\">\n\t\t\t\t\t<div class=\"e-con-inner\">\n\t\t<div class=\"elementor-element elementor-element-3e99fc3 e-con-full e-flex e-con e-child\" data-id=\"3e99fc3\" data-element_type=\"container\" data-e-type=\"container\" id=\"apt1\" data-settings=\"{&quot;background_background&quot;:&quot;gradient&quot;}\">\n\t\t<div class=\"elementor-element elementor-element-1641600 e-con-full e-flex e-con e-child\" data-id=\"1641600\" data-element_type=\"container\" data-e-type=\"container\">\n\t\t\t\t<div class=\"elementor-element elementor-element-aa8dc4a elementor-widget__width-initial elementor-widget-mobile__width-initial elementor-widget elementor-widget-image\" data-id=\"aa8dc4a\" data-element_type=\"widget\" data-e-type=\"widget\" data-widget_type=\"image.default\">\n\t\t\t\t\t\t\t\t\t\t\t\t\t\t\t<img fetchpriority=\"high\" decoding=\"async\" width=\"704\" height=\"485\" src=\"https:\/\/niolga.easymarketingagency.com\/wp-content\/uploads\/2026\/03\/apt1-e1772636954708.avif\" class=\"attachment-large size-large wp-image-36\" alt=\"\" srcset=\"https:\/\/niolga.easymarketingagency.com\/wp-content\/uploads\/2026\/03\/apt1-e1772636954708.avif 704w, https:\/\/niolga.easymarketingagency.com\/wp-content\/uploads\/2026\/03\/apt1-e1772636954708-300x207.avif 300w\" sizes=\"(max-width: 704px) 100vw, 704px\" \/>\t\t\t\t\t\t\t\t\t\t\t\t\t\t\t<\/div>\n\t\t<div class=\"elementor-element elementor-element-ca01499 e-con-full e-flex e-con e-child\" data-id=\"ca01499\" data-element_type=\"container\" data-e-type=\"container\">\n\t\t\t\t<div class=\"elementor-element elementor-element-f80cd43 elementor-widget elementor-widget-heading\" data-id=\"f80cd43\" data-element_type=\"widget\" data-e-type=\"widget\" data-widget_type=\"heading.default\">\n\t\t\t\t\t<h4 class=\"elementor-heading-title elementor-size-default\">Desde 137\u20ac por noche<\/h4>\t\t\t\t<\/div>\n\t\t\t\t<div class=\"elementor-element elementor-element-bc8b34c elementor-widget elementor-widget-heading\" data-id=\"bc8b34c\" data-element_type=\"widget\" data-e-type=\"widget\" data-widget_type=\"heading.default\">\n\t\t\t\t\t<h2 class=\"elementor-heading-title elementor-size-default\">Lujo en barrio de las Letras<\/h2>\t\t\t\t<\/div>\n\t\t\t\t<div class=\"elementor-element elementor-element-7779a9c elementor-widget elementor-widget-text-editor\" data-id=\"7779a9c\" data-element_type=\"widget\" data-e-type=\"widget\" data-widget_type=\"text-editor.default\">\n\t\t\t\t\t\t\t\t\t<p>Acogedor estudio moderno en el centro de Madrid, ideal para una escapada o viaje de trabajo. C\u00f3modo, luminoso y perfectamente ubicado para disfrutar de la ciudad a pie.<\/p>\t\t\t\t\t\t\t\t<\/div>\n\t\t<div class=\"elementor-element elementor-element-7fade07 e-grid e-con-full e-con e-child\" data-id=\"7fade07\" data-element_type=\"container\" data-e-type=\"container\">\n\t\t<div class=\"elementor-element elementor-element-a2965dd e-con-full e-flex e-con e-child\" data-id=\"a2965dd\" data-element_type=\"container\" data-e-type=\"container\">\n\t\t\t\t<div class=\"elementor-element elementor-element-fa835d8 elementor-widget elementor-widget-heading\" data-id=\"fa835d8\" data-element_type=\"widget\" data-e-type=\"widget\" data-widget_type=\"heading.default\">\n\t\t\t\t\t<p class=\"elementor-heading-title elementor-size-default\">1 Dormitorio<\/p>\t\t\t\t<\/div>\n\t\t\t\t<\/div>\n\t\t<div class=\"elementor-element elementor-element-8147150 e-con-full e-flex e-con e-child\" data-id=\"8147150\" data-element_type=\"container\" data-e-type=\"container\">\n\t\t\t\t<div class=\"elementor-element elementor-element-db8c86d elementor-widget elementor-widget-heading\" data-id=\"db8c86d\" data-element_type=\"widget\" data-e-type=\"widget\" data-widget_type=\"heading.default\">\n\t\t\t\t\t<p class=\"elementor-heading-title elementor-size-default\">1 Ba\u00f1o completo<\/p>\t\t\t\t<\/div>\n\t\t\t\t<\/div>\n\t\t<div class=\"elementor-element elementor-element-dafe5b1 e-con-full e-flex e-con e-child\" data-id=\"dafe5b1\" data-element_type=\"container\" data-e-type=\"container\">\n\t\t\t\t<div class=\"elementor-element elementor-element-96cb140 elementor-widget elementor-widget-heading\" data-id=\"96cb140\" data-element_type=\"widget\" data-e-type=\"widget\" data-widget_type=\"heading.default\">\n\t\t\t\t\t<p class=\"elementor-heading-title elementor-size-default\">Balc\u00f3n<\/p>\t\t\t\t<\/div>\n\t\t\t\t<\/div>\n\t\t<div class=\"elementor-element elementor-element-e40431d e-con-full e-flex e-con e-child\" data-id=\"e40431d\" data-element_type=\"container\" data-e-type=\"container\">\n\t\t\t\t<div class=\"elementor-element elementor-element-6a4673a elementor-widget elementor-widget-heading\" data-id=\"6a4673a\" data-element_type=\"widget\" data-e-type=\"widget\" data-widget_type=\"heading.default\">\n\t\t\t\t\t<p class=\"elementor-heading-title elementor-size-default\">Wifi<\/p>\t\t\t\t<\/div>\n\t\t\t\t<\/div>\n\t\t<div class=\"elementor-element elementor-element-d33641c e-con-full e-flex e-con e-child\" data-id=\"d33641c\" data-element_type=\"container\" data-e-type=\"container\">\n\t\t\t\t<div class=\"elementor-element elementor-element-7020d9c elementor-widget elementor-widget-heading\" data-id=\"7020d9c\" data-element_type=\"widget\" data-e-type=\"widget\" data-widget_type=\"heading.default\">\n\t\t\t\t\t<p class=\"elementor-heading-title elementor-size-default\">Sal\u00f3n con sof\u00e1 cama<\/p>\t\t\t\t<\/div>\n\t\t\t\t<\/div>\n\t\t<div class=\"elementor-element elementor-element-6bddf17 e-con-full e-flex e-con e-child\" data-id=\"6bddf17\" data-element_type=\"container\" data-e-type=\"container\">\n\t\t\t\t<div class=\"elementor-element elementor-element-ad28ada elementor-widget elementor-widget-heading\" data-id=\"ad28ada\" data-element_type=\"widget\" data-e-type=\"widget\" data-widget_type=\"heading.default\">\n\t\t\t\t\t<p class=\"elementor-heading-title elementor-size-default\">Cocina completa<\/p>\t\t\t\t<\/div>\n\t\t\t\t<\/div>\n\t\t\t\t<\/div>\n\t\t\t\t<div class=\"elementor-element elementor-element-68527d2 elementor-widget-divider--view-line elementor-widget elementor-widget-divider\" data-id=\"68527d2\" data-element_type=\"widget\" data-e-type=\"widget\" data-widget_type=\"divider.default\">\n\t\t\t\t\t\t\t<div class=\"elementor-divider\">\n\t\t\t<span class=\"elementor-divider-separator\">\n\t\t\t\t\t\t<\/span>\n\t\t<\/div>\n\t\t\t\t\t\t<\/div>\n\t\t<div class=\"elementor-element elementor-element-3fc42ce e-con-full e-flex e-con e-child\" data-id=\"3fc42ce\" data-element_type=\"container\" data-e-type=\"container\">\n\t\t<div class=\"elementor-element elementor-element-47b047f e-con-full e-flex e-con e-child\" data-id=\"47b047f\" data-element_type=\"container\" data-e-type=\"container\">\n\t\t\t\t<div class=\"elementor-element elementor-element-d135606 elementor-widget elementor-widget-heading\" data-id=\"d135606\" data-element_type=\"widget\" data-e-type=\"widget\" data-widget_type=\"heading.default\">\n\t\t\t\t\t<p class=\"elementor-heading-title elementor-size-default\"><a href=\"https:\/\/niolga.easymarketingagency.com\/?page_id=30\">Mas detalles \u2192<\/a><\/p>\t\t\t\t<\/div>\n\t\t\t\t<\/div>\n\t\t<div class=\"elementor-element elementor-element-6dfb11a e-con-full e-flex e-con e-child\" data-id=\"6dfb11a\" data-element_type=\"container\" data-e-type=\"container\">\n\t\t\t\t<div class=\"elementor-element elementor-element-d780f51 elementor-widget elementor-widget-button\" data-id=\"d780f51\" data-element_type=\"widget\" data-e-type=\"widget\" data-widget_type=\"button.default\">\n\t\t\t\t\t\t\t\t\t\t<a class=\"elementor-button elementor-button-link elementor-size-sm\" href=\"https:\/\/www.airbnb.es\/rooms\/673405078964462838\" target=\"_blank\">\n\t\t\t\t\t\t<span class=\"elementor-button-content-wrapper\">\n\t\t\t\t\t\t\t\t\t<span class=\"elementor-button-text\">Alquilar<\/span>\n\t\t\t\t\t<\/span>\n\t\t\t\t\t<\/a>\n\t\t\t\t\t\t\t\t<\/div>\n\t\t\t\t<\/div>\n\t\t\t\t<\/div>\n\t\t\t\t<\/div>\n\t\t\t\t<\/div>\n\t\t\t\t<\/div>\n\t\t<div class=\"elementor-element elementor-element-d904345 e-con-full e-flex e-con e-child\" data-id=\"d904345\" data-element_type=\"container\" data-e-type=\"container\" data-settings=\"{&quot;background_background&quot;:&quot;gradient&quot;}\">\n\t\t<div class=\"elementor-element elementor-element-690b00c e-con-full e-flex e-con e-child\" data-id=\"690b00c\" data-element_type=\"container\" data-e-type=\"container\">\n\t\t\t\t<div class=\"elementor-element elementor-element-334da82 elementor-widget elementor-widget-image\" data-id=\"334da82\" data-element_type=\"widget\" data-e-type=\"widget\" data-widget_type=\"image.default\">\n\t\t\t\t\t\t\t\t\t\t\t\t\t\t\t<img decoding=\"async\" width=\"768\" height=\"512\" src=\"https:\/\/niolga.easymarketingagency.com\/wp-content\/uploads\/2026\/03\/apt2-768x512.avif\" class=\"attachment-medium_large size-medium_large wp-image-37\" alt=\"\" srcset=\"https:\/\/niolga.easymarketingagency.com\/wp-content\/uploads\/2026\/03\/apt2-768x512.avif 768w, https:\/\/niolga.easymarketingagency.com\/wp-content\/uploads\/2026\/03\/apt2-300x200.avif 300w, https:\/\/niolga.easymarketingagency.com\/wp-content\/uploads\/2026\/03\/apt2-1024x683.avif 1024w, https:\/\/niolga.easymarketingagency.com\/wp-content\/uploads\/2026\/03\/apt2.avif 1200w\" sizes=\"(max-width: 768px) 100vw, 768px\" \/>\t\t\t\t\t\t\t\t\t\t\t\t\t\t\t<\/div>\n\t\t<div class=\"elementor-element elementor-element-1c1bb9e e-con-full e-flex e-con e-child\" data-id=\"1c1bb9e\" data-element_type=\"container\" data-e-type=\"container\">\n\t\t\t\t<div class=\"elementor-element elementor-element-891abe0 elementor-widget elementor-widget-heading\" data-id=\"891abe0\" data-element_type=\"widget\" data-e-type=\"widget\" data-widget_type=\"heading.default\">\n\t\t\t\t\t<h4 class=\"elementor-heading-title elementor-size-default\">Desde 150\u20ac por noche<\/h4>\t\t\t\t<\/div>\n\t\t\t\t<div class=\"elementor-element elementor-element-e1684ef elementor-widget elementor-widget-heading\" data-id=\"e1684ef\" data-element_type=\"widget\" data-e-type=\"widget\" data-widget_type=\"heading.default\">\n\t\t\t\t\t<h2 class=\"elementor-heading-title elementor-size-default\">La mejor ubicaci\u00f3n en el centro de Letras<\/h2>\t\t\t\t<\/div>\n\t\t\t\t<div class=\"elementor-element elementor-element-18c2e58 elementor-widget elementor-widget-text-editor\" data-id=\"18c2e58\" data-element_type=\"widget\" data-e-type=\"widget\" data-widget_type=\"text-editor.default\">\n\t\t\t\t\t\t\t\t\t<p>Acogedora habitaci\u00f3n en apartamento bien situado en el centro de Madrid, con acceso a zonas comunes y rodeado de restaurantes, caf\u00e9s y transporte. Perfecta para una estancia c\u00f3moda y c\u00e9ntrica.<\/p>\t\t\t\t\t\t\t\t<\/div>\n\t\t<div class=\"elementor-element elementor-element-c808391 e-grid e-con-full e-con e-child\" data-id=\"c808391\" data-element_type=\"container\" data-e-type=\"container\">\n\t\t<div class=\"elementor-element elementor-element-fd86c34 e-con-full e-flex e-con e-child\" data-id=\"fd86c34\" data-element_type=\"container\" data-e-type=\"container\">\n\t\t\t\t<div class=\"elementor-element elementor-element-cdc25b5 elementor-widget elementor-widget-heading\" data-id=\"cdc25b5\" data-element_type=\"widget\" data-e-type=\"widget\" data-widget_type=\"heading.default\">\n\t\t\t\t\t<p class=\"elementor-heading-title elementor-size-default\">2 Dormitorios<\/p>\t\t\t\t<\/div>\n\t\t\t\t<\/div>\n\t\t<div class=\"elementor-element elementor-element-a12f327 e-con-full e-flex e-con e-child\" data-id=\"a12f327\" data-element_type=\"container\" data-e-type=\"container\">\n\t\t\t\t<div class=\"elementor-element elementor-element-8b8a88b elementor-widget elementor-widget-heading\" data-id=\"8b8a88b\" data-element_type=\"widget\" data-e-type=\"widget\" data-widget_type=\"heading.default\">\n\t\t\t\t\t<p class=\"elementor-heading-title elementor-size-default\">1 Ba\u00f1o completo<\/p>\t\t\t\t<\/div>\n\t\t\t\t<\/div>\n\t\t<div class=\"elementor-element elementor-element-ec7b797 e-con-full e-flex e-con e-child\" data-id=\"ec7b797\" data-element_type=\"container\" data-e-type=\"container\">\n\t\t\t\t<div class=\"elementor-element elementor-element-fcfcd4c elementor-widget elementor-widget-heading\" data-id=\"fcfcd4c\" data-element_type=\"widget\" data-e-type=\"widget\" data-widget_type=\"heading.default\">\n\t\t\t\t\t<p class=\"elementor-heading-title elementor-size-default\">Wifi<\/p>\t\t\t\t<\/div>\n\t\t\t\t<\/div>\n\t\t<div class=\"elementor-element elementor-element-7501327 e-con-full e-flex e-con e-child\" data-id=\"7501327\" data-element_type=\"container\" data-e-type=\"container\">\n\t\t\t\t<div class=\"elementor-element elementor-element-e0b3449 elementor-widget elementor-widget-heading\" data-id=\"e0b3449\" data-element_type=\"widget\" data-e-type=\"widget\" data-widget_type=\"heading.default\">\n\t\t\t\t\t<p class=\"elementor-heading-title elementor-size-default\">Cocina completa<\/p>\t\t\t\t<\/div>\n\t\t\t\t<\/div>\n\t\t<div class=\"elementor-element elementor-element-097cf10 e-con-full e-flex e-con e-child\" data-id=\"097cf10\" data-element_type=\"container\" data-e-type=\"container\">\n\t\t\t\t<div class=\"elementor-element elementor-element-2ba2dab elementor-widget elementor-widget-heading\" data-id=\"2ba2dab\" data-element_type=\"widget\" data-e-type=\"widget\" data-widget_type=\"heading.default\">\n\t\t\t\t\t<p class=\"elementor-heading-title elementor-size-default\">Vistas urbanas<\/p>\t\t\t\t<\/div>\n\t\t\t\t<\/div>\n\t\t<div class=\"elementor-element elementor-element-2f52250 e-con-full e-flex e-con e-child\" data-id=\"2f52250\" data-element_type=\"container\" data-e-type=\"container\">\n\t\t\t\t<div class=\"elementor-element elementor-element-281c2e5 elementor-widget elementor-widget-heading\" data-id=\"281c2e5\" data-element_type=\"widget\" data-e-type=\"widget\" data-widget_type=\"heading.default\">\n\t\t\t\t\t<p class=\"elementor-heading-title elementor-size-default\">Barrio animado<\/p>\t\t\t\t<\/div>\n\t\t\t\t<\/div>\n\t\t\t\t<\/div>\n\t\t\t\t<div class=\"elementor-element elementor-element-5c3a184 elementor-widget-divider--view-line elementor-widget elementor-widget-divider\" data-id=\"5c3a184\" data-element_type=\"widget\" data-e-type=\"widget\" data-widget_type=\"divider.default\">\n\t\t\t\t\t\t\t<div class=\"elementor-divider\">\n\t\t\t<span class=\"elementor-divider-separator\">\n\t\t\t\t\t\t<\/span>\n\t\t<\/div>\n\t\t\t\t\t\t<\/div>\n\t\t<div class=\"elementor-element elementor-element-46df5b6 e-con-full e-flex e-con e-child\" data-id=\"46df5b6\" data-element_type=\"container\" data-e-type=\"container\">\n\t\t<div class=\"elementor-element elementor-element-5aec86d e-con-full e-flex e-con e-child\" data-id=\"5aec86d\" data-element_type=\"container\" data-e-type=\"container\">\n\t\t\t\t<div class=\"elementor-element elementor-element-ab8bbc3 elementor-widget elementor-widget-heading\" data-id=\"ab8bbc3\" data-element_type=\"widget\" data-e-type=\"widget\" data-widget_type=\"heading.default\">\n\t\t\t\t\t<p class=\"elementor-heading-title elementor-size-default\"><a href=\"https:\/\/niolga.easymarketingagency.com\/?page_id=30\">Mas detalles \u2192<\/a><\/p>\t\t\t\t<\/div>\n\t\t\t\t<\/div>\n\t\t<div class=\"elementor-element elementor-element-c60834f e-con-full e-flex e-con e-child\" data-id=\"c60834f\" data-element_type=\"container\" data-e-type=\"container\">\n\t\t\t\t<div class=\"elementor-element elementor-element-7dd3a73 elementor-widget elementor-widget-button\" data-id=\"7dd3a73\" data-element_type=\"widget\" data-e-type=\"widget\" data-widget_type=\"button.default\">\n\t\t\t\t\t\t\t\t\t\t<a class=\"elementor-button elementor-button-link elementor-size-sm\" href=\"https:\/\/www.airbnb.es\/rooms\/718001488217194429\" target=\"_blank\">\n\t\t\t\t\t\t<span class=\"elementor-button-content-wrapper\">\n\t\t\t\t\t\t\t\t\t<span class=\"elementor-button-text\">Alquilar<\/span>\n\t\t\t\t\t<\/span>\n\t\t\t\t\t<\/a>\n\t\t\t\t\t\t\t\t<\/div>\n\t\t\t\t<\/div>\n\t\t\t\t<\/div>\n\t\t\t\t<\/div>\n\t\t\t\t<\/div>\n\t\t\t\t<\/div>\n\t\t\t\t\t<\/div>\n\t\t\t\t<\/div>\n\t\t\t\t<\/div>\n\t\t","protected":false},"excerpt":{"rendered":"<p>Descubre tu espacio ideal en el coraz\u00f3n de Madrid Dos opciones \u00fanicas, mismo confort y ubicaci\u00f3n privilegiada para vivir la ciudad a tu ritmo. Ver Apartamentos Desde 137\u20ac por noche Lujo en barrio de las Letras Acogedor estudio moderno en el centro de Madrid, ideal para una escapada o viaje de trabajo. C\u00f3modo, luminoso y [&hellip;]<\/p>\n","protected":false},"author":1,"featured_media":0,"parent":0,"menu_order":0,"comment_status":"closed","ping_status":"closed","template":"","meta":{"footnotes":""},"class_list":["post-7","page","type-page","status-publish","hentry"],"yoast_head":"<!-- This site is optimized with the Yoast SEO plugin v27.1.1 - https:\/\/yoast.com\/product\/yoast-seo-wordpress\/ -->\n<title>Inicio - Las Casitas de Nieves<\/title>\n<meta name=\"description\" content=\"Conoce dos apartamentos disponibles para alquilar. Descubre sus caracter\u00edsticas, fotos y detalles de cada propiedad.\" \/>\n<meta name=\"robots\" content=\"index, follow, max-snippet:-1, max-image-preview:large, max-video-preview:-1\" \/>\n<link rel=\"canonical\" href=\"https:\/\/niolga.easymarketingagency.com\/\" \/>\n<meta property=\"og:locale\" content=\"es_ES\" \/>\n<meta property=\"og:type\" content=\"article\" \/>\n<meta property=\"og:title\" content=\"Inicio - Las Casitas de Nieves\" \/>\n<meta property=\"og:description\" content=\"Conoce dos apartamentos disponibles para alquilar. Descubre sus caracter\u00edsticas, fotos y detalles de cada propiedad.\" \/>\n<meta property=\"og:url\" content=\"https:\/\/niolga.easymarketingagency.com\/\" \/>\n<meta property=\"og:site_name\" content=\"Las Casitas de Nieves\" \/>\n<meta property=\"article:modified_time\" content=\"2026-03-16T17:51:04+00:00\" \/>\n<meta name=\"twitter:card\" content=\"summary_large_image\" \/>\n<meta name=\"twitter:label1\" content=\"Tiempo de lectura\" \/>\n\t<meta name=\"twitter:data1\" content=\"1 minuto\" \/>\n<script type=\"application\/ld+json\" class=\"yoast-schema-graph\">{\"@context\":\"https:\/\/schema.org\",\"@graph\":[{\"@type\":\"WebPage\",\"@id\":\"https:\/\/niolga.easymarketingagency.com\/\",\"url\":\"https:\/\/niolga.easymarketingagency.com\/\",\"name\":\"Inicio - Las Casitas de Nieves\",\"isPartOf\":{\"@id\":\"https:\/\/niolga.easymarketingagency.com\/#website\"},\"primaryImageOfPage\":{\"@id\":\"https:\/\/niolga.easymarketingagency.com\/#primaryimage\"},\"image\":{\"@id\":\"https:\/\/niolga.easymarketingagency.com\/#primaryimage\"},\"thumbnailUrl\":\"https:\/\/niolga.easymarketingagency.com\/wp-content\/uploads\/2026\/03\/apt1-e1772636954708.avif\",\"datePublished\":\"2026-03-02T14:22:00+00:00\",\"dateModified\":\"2026-03-16T17:51:04+00:00\",\"description\":\"Conoce dos apartamentos disponibles para alquilar. Descubre sus caracter\u00edsticas, fotos y detalles de cada propiedad.\",\"breadcrumb\":{\"@id\":\"https:\/\/niolga.easymarketingagency.com\/#breadcrumb\"},\"inLanguage\":\"es\",\"potentialAction\":[{\"@type\":\"ReadAction\",\"target\":[\"https:\/\/niolga.easymarketingagency.com\/\"]}]},{\"@type\":\"ImageObject\",\"inLanguage\":\"es\",\"@id\":\"https:\/\/niolga.easymarketingagency.com\/#primaryimage\",\"url\":\"https:\/\/niolga.easymarketingagency.com\/wp-content\/uploads\/2026\/03\/apt1-e1772636954708.avif\",\"contentUrl\":\"https:\/\/niolga.easymarketingagency.com\/wp-content\/uploads\/2026\/03\/apt1-e1772636954708.avif\",\"width\":704,\"height\":485},{\"@type\":\"BreadcrumbList\",\"@id\":\"https:\/\/niolga.easymarketingagency.com\/#breadcrumb\",\"itemListElement\":[{\"@type\":\"ListItem\",\"position\":1,\"name\":\"Portada\",\"item\":\"https:\/\/niolga.easymarketingagency.com\/\"},{\"@type\":\"ListItem\",\"position\":2,\"name\":\"Front Page\"}]},{\"@type\":\"WebSite\",\"@id\":\"https:\/\/niolga.easymarketingagency.com\/#website\",\"url\":\"https:\/\/niolga.easymarketingagency.com\/\",\"name\":\"Las Casitas de Nieves\",\"description\":\"Conoce dos apartamentos disponibles para alquilar. Descubre sus caracter\u00edsticas, fotos y detalles de cada propiedad.\",\"potentialAction\":[{\"@type\":\"SearchAction\",\"target\":{\"@type\":\"EntryPoint\",\"urlTemplate\":\"https:\/\/niolga.easymarketingagency.com\/?s={search_term_string}\"},\"query-input\":{\"@type\":\"PropertyValueSpecification\",\"valueRequired\":true,\"valueName\":\"search_term_string\"}}],\"inLanguage\":\"es\"}]}<\/script>\n<!-- \/ Yoast SEO plugin. -->","yoast_head_json":{"title":"Inicio - Las Casitas de Nieves","description":"Conoce dos apartamentos disponibles para alquilar. Descubre sus caracter\u00edsticas, fotos y detalles de cada propiedad.","robots":{"index":"index","follow":"follow","max-snippet":"max-snippet:-1","max-image-preview":"max-image-preview:large","max-video-preview":"max-video-preview:-1"},"canonical":"https:\/\/niolga.easymarketingagency.com\/","og_locale":"es_ES","og_type":"article","og_title":"Inicio - Las Casitas de Nieves","og_description":"Conoce dos apartamentos disponibles para alquilar. Descubre sus caracter\u00edsticas, fotos y detalles de cada propiedad.","og_url":"https:\/\/niolga.easymarketingagency.com\/","og_site_name":"Las Casitas de Nieves","article_modified_time":"2026-03-16T17:51:04+00:00","twitter_card":"summary_large_image","twitter_misc":{"Tiempo de lectura":"1 minuto"},"schema":{"@context":"https:\/\/schema.org","@graph":[{"@type":"WebPage","@id":"https:\/\/niolga.easymarketingagency.com\/","url":"https:\/\/niolga.easymarketingagency.com\/","name":"Inicio - Las Casitas de Nieves","isPartOf":{"@id":"https:\/\/niolga.easymarketingagency.com\/#website"},"primaryImageOfPage":{"@id":"https:\/\/niolga.easymarketingagency.com\/#primaryimage"},"image":{"@id":"https:\/\/niolga.easymarketingagency.com\/#primaryimage"},"thumbnailUrl":"https:\/\/niolga.easymarketingagency.com\/wp-content\/uploads\/2026\/03\/apt1-e1772636954708.avif","datePublished":"2026-03-02T14:22:00+00:00","dateModified":"2026-03-16T17:51:04+00:00","description":"Conoce dos apartamentos disponibles para alquilar. Descubre sus caracter\u00edsticas, fotos y detalles de cada propiedad.","breadcrumb":{"@id":"https:\/\/niolga.easymarketingagency.com\/#breadcrumb"},"inLanguage":"es","potentialAction":[{"@type":"ReadAction","target":["https:\/\/niolga.easymarketingagency.com\/"]}]},{"@type":"ImageObject","inLanguage":"es","@id":"https:\/\/niolga.easymarketingagency.com\/#primaryimage","url":"https:\/\/niolga.easymarketingagency.com\/wp-content\/uploads\/2026\/03\/apt1-e1772636954708.avif","contentUrl":"https:\/\/niolga.easymarketingagency.com\/wp-content\/uploads\/2026\/03\/apt1-e1772636954708.avif","width":704,"height":485},{"@type":"BreadcrumbList","@id":"https:\/\/niolga.easymarketingagency.com\/#breadcrumb","itemListElement":[{"@type":"ListItem","position":1,"name":"Portada","item":"https:\/\/niolga.easymarketingagency.com\/"},{"@type":"ListItem","position":2,"name":"Front Page"}]},{"@type":"WebSite","@id":"https:\/\/niolga.easymarketingagency.com\/#website","url":"https:\/\/niolga.easymarketingagency.com\/","name":"Las Casitas de Nieves","description":"Conoce dos apartamentos disponibles para alquilar. Descubre sus caracter\u00edsticas, fotos y detalles de cada propiedad.","potentialAction":[{"@type":"SearchAction","target":{"@type":"EntryPoint","urlTemplate":"https:\/\/niolga.easymarketingagency.com\/?s={search_term_string}"},"query-input":{"@type":"PropertyValueSpecification","valueRequired":true,"valueName":"search_term_string"}}],"inLanguage":"es"}]}},"_links":{"self":[{"href":"https:\/\/niolga.easymarketingagency.com\/index.php?rest_route=\/wp\/v2\/pages\/7","targetHints":{"allow":["GET"]}}],"collection":[{"href":"https:\/\/niolga.easymarketingagency.com\/index.php?rest_route=\/wp\/v2\/pages"}],"about":[{"href":"https:\/\/niolga.easymarketingagency.com\/index.php?rest_route=\/wp\/v2\/types\/page"}],"author":[{"embeddable":true,"href":"https:\/\/niolga.easymarketingagency.com\/index.php?rest_route=\/wp\/v2\/users\/1"}],"replies":[{"embeddable":true,"href":"https:\/\/niolga.easymarketingagency.com\/index.php?rest_route=%2Fwp%2Fv2%2Fcomments&post=7"}],"version-history":[{"count":80,"href":"https:\/\/niolga.easymarketingagency.com\/index.php?rest_route=\/wp\/v2\/pages\/7\/revisions"}],"predecessor-version":[{"id":268,"href":"https:\/\/niolga.easymarketingagency.com\/index.php?rest_route=\/wp\/v2\/pages\/7\/revisions\/268"}],"wp:attachment":[{"href":"https:\/\/niolga.easymarketingagency.com\/index.php?rest_route=%2Fwp%2Fv2%2Fmedia&parent=7"}],"curies":[{"name":"wp","href":"https:\/\/api.w.org\/{rel}","templated":true}]}}